{"id":245,"date":"2025-01-20T20:07:27","date_gmt":"2025-01-20T20:07:27","guid":{"rendered":"https:\/\/labo2.univ-djelfa.dz\/lscp\/?page_id=245"},"modified":"2025-02-03T21:51:19","modified_gmt":"2025-02-03T21:51:19","slug":"%d9%85%d8%b4%d8%a7%d8%b1%d9%8a%d8%b9-%d8%a7%d9%84%d8%a8%d8%ad%d8%ab-%d8%a7%d9%84%d8%b9%d9%84%d9%85%d9%8a%d8%a9","status":"publish","type":"page","link":"https:\/\/labo2.univ-djelfa.dz\/lscp\/%d9%85%d8%b4%d8%a7%d8%b1%d9%8a%d8%b9-%d8%a7%d9%84%d8%a8%d8%ad%d8%ab-%d8%a7%d9%84%d8%b9%d9%84%d9%85%d9%8a%d8%a9\/","title":{"rendered":"\u0645\u0634\u0627\u0631\u064a\u0639 \u0627\u0644\u0628\u062d\u062b \u0627\u0644\u0639\u0644\u0645\u064a\u0629"},"content":{"rendered":"\t\t<div data-elementor-type=\"wp-page\" data-elementor-id=\"245\" class=\"elementor elementor-245\">\n\t\t\t\t<div class=\"elementor-element elementor-element-c05f498 e-flex e-con-boxed e-con e-parent\" data-id=\"c05f498\" data-element_type=\"container\" data-settings=\"{&quot;ekit_has_onepagescroll_dot&quot;:&quot;yes&quot;}\">\n\t\t\t\t\t<div class=\"e-con-inner\">\n\t\t\t\t<div class=\"elementor-element elementor-element-64b94ac elementor-widget elementor-widget-spacer\" data-id=\"64b94ac\" data-element_type=\"widget\" data-settings=\"{&quot;ekit_we_effect_on&quot;:&quot;none&quot;}\" data-widget_type=\"spacer.default\">\n\t\t\t\t<div class=\"elementor-widget-container\">\n\t\t\t\t\t<div class=\"elementor-spacer\">\n\t\t\t<div class=\"elementor-spacer-inner\"><\/div>\n\t\t<\/div>\n\t\t\t\t<\/div>\n\t\t\t\t<\/div>\n\t\t\t\t\t<\/div>\n\t\t\t\t<\/div>\n\t\t<div data-ekit-particles-enable=\"yes\" class=\"ekit-particles elementor-element elementor-element-d08a8e6 e-flex e-con-boxed e-con e-parent\" data-ekit-particles=\"https:\/\/labo2.univ-djelfa.dz\/lscp\/wp-content\/plugins\/elementskit\/modules\/particles\/assets\/json\/default.json\" data-ekit-particles-type=\"preset\" data-id=\"d08a8e6\" data-element_type=\"container\" data-settings=\"{&quot;background_background&quot;:&quot;gradient&quot;,&quot;ekit_has_onepagescroll_dot&quot;:&quot;yes&quot;}\">\n\t\t\t\t\t<div class=\"e-con-inner\">\n\t\t\t\t<div class=\"elementor-element elementor-element-5dd9d48 elementor-widget__width-initial elementor-widget elementor-widget-text-editor\" data-id=\"5dd9d48\" data-element_type=\"widget\" data-settings=\"{&quot;ekit_we_effect_on&quot;:&quot;none&quot;}\" data-widget_type=\"text-editor.default\">\n\t\t\t\t<div class=\"elementor-widget-container\">\n\t\t\t\t\t\t\t<h4><span style=\"color: #e5ddc8;\"><strong>\u0645\u0634\u0631\u0648\u0639 \u0627\u0644\u0628\u062d\u062b \u0627\u0644\u062a\u0643\u0648\u064a\u0646\u064a \u0627\u0644\u062c\u0627\u0645\u0639\u064a<\/strong> <strong>PRFU 2021<\/strong><\/span><\/h4><div class=\"ekit-unfold-data active\"><div class=\"ekit-unfold-data-inner\"><div class=\"ekit-unfold-raw-content\"><h6><span style=\"color: #ffffff;\">\u062a\u0623\u062b\u064a\u0631 \u062a\u0645\u0631\u064a\u0646\u0627\u062a \u0645\u0646\u062e\u0641\u0636\u0629 \u0627\u0644\u0634\u062f\u0629 \u0639\u0644\u0649 \u062a\u062d\u0633\u064a\u0646 \u0627\u0644\u062d\u0627\u0644\u0629 \u0627\u0644\u0635\u062d\u064a\u0629 \u0648 \u062a\u062e\u0641\u064a\u0636 \u0627\u0644\u0643\u062a\u0644\u0629 \u0627\u0644\u0634\u062d\u0645\u064a\u0629 \u0644\u062f\u0649 \u0627\u0644\u0645\u0635\u0627\u0628\u064a\u0646 \u0628\u0627\u0644\u0633\u0645\u0646\u0629<\/span><\/h6><p><span style=\"color: #ffffff;\"><strong>\u0631\u0645\u0632 \u0627\u0644\u0645\u0634\u0631\u0648\u0639 :<\/strong><strong>J00L03UN1170120220002<\/strong><\/span><\/p><p><span style=\"color: #ffffff;\"><strong>\u0631\u0626\u064a\u0633 \u0627\u0644\u0645\u0634\u0631\u0648\u0639 : \u0623 \u062f \u0628\u0631\u0627\u0647\u064a\u0645\u064a \u0637\u0627\u0631\u0642<\/strong><\/span><\/p><\/div><\/div><\/div><h3 class=\"ekit-unfold-heading\">\u00a0<\/h3>\t\t\t\t\t\t<\/div>\n\t\t\t\t<\/div>\n\t\t\t\t<div class=\"elementor-element elementor-element-21aa295 elementor-widget__width-initial elementor-widget elementor-widget-text-editor\" data-id=\"21aa295\" data-element_type=\"widget\" data-settings=\"{&quot;ekit_we_effect_on&quot;:&quot;none&quot;}\" data-widget_type=\"text-editor.default\">\n\t\t\t\t<div class=\"elementor-widget-container\">\n\t\t\t\t\t\t\t<h4 class=\"ekit-unfold-heading\"><span style=\"color: #e5ddc8;\">\u0645\u0634\u0631\u0648\u0639 \u0627\u0644\u0628\u062d\u062b \u0627\u0644\u0648\u0637\u0646\u064a PNR<\/span><\/h4><h6><span style=\"color: #ffffff;\">Aide de diagnostic et prise en charge des patients atteints d&#8217;AVC en utilisant l&#8217;int\u00e9l\u00e9gence artificielle et la cytom\u00e8trie en flux<\/span><\/h6><p><span style=\"color: #ffffff;\"><strong>\u0631\u0626\u064a\u0633 \u0627\u0644\u0645\u0634\u0631\u0648\u0639 : \u0623 \u062f \u0628\u0631\u0627\u0647\u064a\u0645\u064a \u0637\u0627\u0631\u0642<\/strong><\/span><\/p><p>\u00a0<\/p>\t\t\t\t\t\t<\/div>\n\t\t\t\t<\/div>\n\t\t\t\t\t<\/div>\n\t\t\t\t<\/div>\n\t\t<div class=\"elementor-element elementor-element-1385bf0 e-flex e-con-boxed e-con e-parent\" data-id=\"1385bf0\" data-element_type=\"container\" data-settings=\"{&quot;ekit_has_onepagescroll_dot&quot;:&quot;yes&quot;}\">\n\t\t\t\t\t<div class=\"e-con-inner\">\n\t\t\t\t<div class=\"elementor-element elementor-element-8f9f053 elementor-widget elementor-widget-spacer\" data-id=\"8f9f053\" data-element_type=\"widget\" data-settings=\"{&quot;ekit_we_effect_on&quot;:&quot;none&quot;}\" data-widget_type=\"spacer.default\">\n\t\t\t\t<div class=\"elementor-widget-container\">\n\t\t\t\t\t<div class=\"elementor-spacer\">\n\t\t\t<div class=\"elementor-spacer-inner\"><\/div>\n\t\t<\/div>\n\t\t\t\t<\/div>\n\t\t\t\t<\/div>\n\t\t\t\t\t<\/div>\n\t\t\t\t<\/div>\n\t\t<div class=\"elementor-element elementor-element-529e4b7 e-flex e-con-boxed e-con e-parent\" data-id=\"529e4b7\" data-element_type=\"container\" data-settings=\"{&quot;ekit_has_onepagescroll_dot&quot;:&quot;yes&quot;}\">\n\t\t\t\t\t<div class=\"e-con-inner\">\n\t\t\t\t<div class=\"elementor-element elementor-element-904e5b7 elementor-widget elementor-widget-spacer\" data-id=\"904e5b7\" data-element_type=\"widget\" data-settings=\"{&quot;ekit_we_effect_on&quot;:&quot;none&quot;}\" data-widget_type=\"spacer.default\">\n\t\t\t\t<div class=\"elementor-widget-container\">\n\t\t\t\t\t<div class=\"elementor-spacer\">\n\t\t\t<div class=\"elementor-spacer-inner\"><\/div>\n\t\t<\/div>\n\t\t\t\t<\/div>\n\t\t\t\t<\/div>\n\t\t\t\t\t<\/div>\n\t\t\t\t<\/div>\n\t\t\t\t<\/div>\n\t\t","protected":false},"excerpt":{"rendered":"<p>\u0645\u0634\u0631\u0648\u0639 \u0627\u0644\u0628\u062d\u062b \u0627\u0644\u062a\u0643\u0648\u064a\u0646\u064a \u0627\u0644\u062c\u0627\u0645\u0639\u064a PRFU 2021 \u062a\u0623\u062b\u064a\u0631 \u062a\u0645\u0631\u064a\u0646\u0627\u062a \u0645\u0646\u062e\u0641\u0636\u0629 \u0627\u0644\u0634\u062f\u0629 \u0639\u0644\u0649 \u062a\u062d\u0633\u064a\u0646 \u0627\u0644\u062d\u0627\u0644\u0629 \u0627\u0644\u0635\u062d\u064a\u0629 \u0648 \u062a\u062e\u0641\u064a\u0636 \u0627\u0644\u0643\u062a\u0644\u0629 \u0627\u0644\u0634\u062d\u0645\u064a\u0629 \u0644\u062f\u0649 \u0627\u0644\u0645\u0635\u0627\u0628\u064a\u0646 \u0628\u0627\u0644\u0633\u0645\u0646\u0629 \u0631\u0645\u0632 \u0627\u0644\u0645\u0634\u0631\u0648\u0639 :J00L03UN1170120220002 \u0631\u0626\u064a\u0633 \u0627\u0644\u0645\u0634\u0631\u0648\u0639 : \u0623 \u062f \u0628\u0631\u0627\u0647\u064a\u0645\u064a \u0637\u0627\u0631\u0642 \u00a0 \u0645\u0634\u0631\u0648\u0639 \u0627\u0644\u0628\u062d\u062b \u0627\u0644\u0648\u0637\u0646\u064a PNR Aide de diagnostic et prise en charge des patients atteints d&#8217;AVC en utilisant l&#8217;int\u00e9l\u00e9gence artificielle et la cytom\u00e8trie en flux \u0631\u0626\u064a\u0633 \u0627\u0644\u0645\u0634\u0631\u0648\u0639 : \u0623 \u062f \u0628\u0631\u0627\u0647\u064a\u0645\u064a \u0637\u0627\u0631\u0642 \u00a0<\/p>\n","protected":false},"author":1,"featured_media":0,"parent":0,"menu_order":0,"comment_status":"closed","ping_status":"closed","template":"","meta":{"footnotes":""},"class_list":["post-245","page","type-page","status-publish","hentry","post-no-thumbnail"],"lang":"ar","translations":{"ar":245,"en":462},"pll_sync_post":[],"_links":{"self":[{"href":"https:\/\/labo2.univ-djelfa.dz\/lscp\/wp-json\/wp\/v2\/pages\/245","targetHints":{"allow":["GET"]}}],"collection":[{"href":"https:\/\/labo2.univ-djelfa.dz\/lscp\/wp-json\/wp\/v2\/pages"}],"about":[{"href":"https:\/\/labo2.univ-djelfa.dz\/lscp\/wp-json\/wp\/v2\/types\/page"}],"author":[{"embeddable":true,"href":"https:\/\/labo2.univ-djelfa.dz\/lscp\/wp-json\/wp\/v2\/users\/1"}],"replies":[{"embeddable":true,"href":"https:\/\/labo2.univ-djelfa.dz\/lscp\/wp-json\/wp\/v2\/comments?post=245"}],"version-history":[{"count":61,"href":"https:\/\/labo2.univ-djelfa.dz\/lscp\/wp-json\/wp\/v2\/pages\/245\/revisions"}],"predecessor-version":[{"id":764,"href":"https:\/\/labo2.univ-djelfa.dz\/lscp\/wp-json\/wp\/v2\/pages\/245\/revisions\/764"}],"wp:attachment":[{"href":"https:\/\/labo2.univ-djelfa.dz\/lscp\/wp-json\/wp\/v2\/media?parent=245"}],"curies":[{"name":"wp","href":"https:\/\/api.w.org\/{rel}","templated":true}]}}